{"id":37,"date":"2024-12-30T05:14:42","date_gmt":"2024-12-30T05:14:42","guid":{"rendered":"https:\/\/www.maraltubi.com\/?page_id=37"},"modified":"2025-01-28T08:54:34","modified_gmt":"2025-01-28T08:54:34","slug":"privacy-policy","status":"publish","type":"page","link":"https:\/\/maraltubi.com\/eng\/privacy-policy\/","title":{"rendered":"Privacy Policy"},"content":{"rendered":"<div data-elementor-type=\"wp-page\" data-elementor-id=\"37\" class=\"elementor elementor-37\" data-elementor-post-type=\"page\">\n\t\t\t\t<div class=\"elementor-element elementor-element-b1001ec e-flex e-con-boxed e-con e-parent\" data-id=\"b1001ec\" data-element_type=\"container\" data-settings=\"{&quot;jet_parallax_layout_list&quot;:[]}\">\n\t\t\t\t\t<div class=\"e-con-inner\">\n\t\t\t\t<div class=\"elementor-element elementor-element-3605b29 elementor-widget elementor-widget-spacer\" data-id=\"3605b29\" data-element_type=\"widget\" data-widget_type=\"spacer.default\">\n\t\t\t\t<div class=\"elementor-widget-container\">\n\t\t\t\t\t\t\t<div class=\"elementor-spacer\">\n\t\t\t<div class=\"elementor-spacer-inner\"><\/div>\n\t\t<\/div>\n\t\t\t\t\t\t<\/div>\n\t\t\t\t<\/div>\n\t\t\t\t<div class=\"elementor-element elementor-element-a8ecd54 elementor-widget elementor-widget-text-editor\" data-id=\"a8ecd54\" data-element_type=\"widget\" data-widget_type=\"text-editor.default\">\n\t\t\t\t<div class=\"elementor-widget-container\">\n\t\t\t\t\t\t\t\t\t<p style=\"margin-top: 0px;margin-bottom: 1rem;, sans-serif;font-size: 18px\">Informativa per trattamento di dati personali \u2013 Documento informativo ai sensi e per gli effetti di cui all\u2019articolo 13, D.Lgs. n. 679\/2016<br>In osservanza al D.Lgs. n. 679\/2016 (Codice Privacy) e successive variazioni, siamo a fornirLe le dovute informazioni in ordine al trattamento dei dati personali da lei forniti. L\u2019informativa non \u00e8 da considerarsi valida per altri siti web eventualmente consultabili tramite links presenti sui siti internet a dominio del titolare, che non \u00e8 da considerarsi in alcun modo responsabile dei siti internet dei terzi.<br>Si tratta di un\u2019informativa che \u00e8 resa anche ai sensi dell\u2019art. 13 del d.lgs. n. 679\/2016 \u2013 Codice in materia di protezione dei dati personali.<br style=\"margin-bottom: 0px\">L\u2019informativa si ispira anche alla Raccomandazione n. 2\/2001 che le autorit\u00e0 europee per la protezione dei dati personali, riunite nel Gruppo istituito dall\u2019art. 29 della direttiva n. 95\/46\/CE, hanno adottato il 17 maggio 2001 per individuare alcuni requisiti minimi per la raccolta di dati personali on-line, e, in particolare, le modalit\u00e0, i tempi e la natura delle informazioni che i titolari del trattamento devono fornire agli utenti quando questi si collegano a pagine web, indipendentemente dagli scopi del collegamento, nonch\u00e9 a quanto previsto dalla Direttiva 2002\/58\/CE, come aggiornata dalla Direttiva 2009\/136\/CE, in materia di Cookie, nonch\u00e9 a quanto previsto dal Provvedimento dell\u2019Autorit\u00e0 Garante per la protezione dei dati personali del 08.05.2014 in materia di cookie denominato \u201cIndividuazione delle modalit\u00e0 semplificate per l\u2019informativa e l\u2019acquisizione del consenso per l\u2019uso dei cookie\u201d<\/p><p style=\"margin-top: 0px;margin-bottom: 1rem;, sans-serif;font-size: 18px\">&nbsp;<\/p><p style=\"margin-top: 0px;margin-bottom: 1rem;, sans-serif;font-size: 18px\"><span style=\"font-weight: bolder\">1.TITOLARE DEL TRATTAMENTO<\/span><br style=\"margin-bottom: 0px\">Ai sensi dell\u2019articolo 28 del Codice in materia di protezione dei dati personali \u00e8 MARAL S.R.L. nella persona del legale rappresentante pro-tempore.<\/p><p style=\"margin-top: 0px;margin-bottom: 1rem;, sans-serif;font-size: 18px\">&nbsp;<\/p><p style=\"margin-top: 0px;margin-bottom: 1rem;, sans-serif;font-size: 18px\"><span style=\"font-weight: bolder\">2.TIPI DI DATI TRATTATI<\/span><br>Dato personale e identificativo<br>Dato personale, qualunque informazione relativa a persona fisica, identificata o identificabile, anche indirettamente, mediante riferimento a qualsiasi altra informazione, ivi compreso un numero di identificazione personale; Dati identificativi, i dati personali che permettono l\u2019identificazione diretta dell\u2019interessato (quali a titolo esemplificativo nome, cognome, data di nascita, indirizzo, indirizzo e-mail, numero di telefono, ecc\u2026).<br>Dati di navigazione<br>I sistemi informatici e le procedure software preposte al funzionamento di questo sito web acquisiscono, nel corso del loro normale esercizio, alcuni dati personali la cui trasmissione \u00e8 implicita nell\u2019uso dei protocolli di comunicazione di Internet.<br>Si tratta di informazioni che non sono raccolte per essere associate a interessati identificati, ma che per loro stessa natura potrebbero, attraverso elaborazioni ed associazioni con dati detenuti da terzi, permettere di identificare gli utenti.<br>In questa categoria di dati rientrano gli indirizzi IP o i nomi a dominio dei computer utilizzati dagli utenti che si connettono al sito, gli indirizzi in notazione URI (Uniform Resource Identifier) delle risorse richieste, l\u2019orario della richiesta, il metodo utilizzato nel sottoporre la richiesta al server, la dimensione del file ottenuto in risposta, il codice numerico indicante lo stato della risposta data dal server (buon fine, errore, ecc.) ed altri parametri relativi al sistema operativo e all\u2019ambiente informatico dell\u2019utente.<br>Difesa in giudizio<br>I Dati Personali dell\u2019Utente possono essere utilizzati per la difesa da parte del Titolare in giudizio o nelle fasi propedeutiche alla sua eventuale instaurazione, da abusi nell\u2019utilizzo della stessa o dei servizi connessi da parte dell\u2019Utente. I dati potrebbero essere utilizzati per l\u2019accertamento di responsabilit\u00e0 in caso di ipotetici reati informatici ai danni del sito.<br>Manutenzione<br>I Dati Personali dell\u2019Utente possono essere trattati con modalit\u00e0 e finalit\u00e0 aggiuntive legate alla manutenzione<br>Dati forniti volontariamente dall\u2019utente<br style=\"margin-bottom: 0px\">L\u2019invio facoltativo, esplicito e volontario di posta elettronica agli indirizzi indicati su questo sito e\/o la compilazione di form di raccolta dati, comporta la successiva acquisizione dell\u2019indirizzo del mittente, necessario per rispondere alle richieste, nonch\u00e9 degli eventuali altri dati personali inseriti.<\/p><p style=\"margin-top: 0px;margin-bottom: 1rem;, sans-serif;font-size: 18px\">&nbsp;<\/p><p style=\"margin-top: 0px;margin-bottom: 1rem;, sans-serif;font-size: 18px\"><span style=\"font-weight: bolder\">3.FINALIT\u00c0 DEL TRATTAMENTO PER LE QUALI SI CONCEDE CONSENSO LADDOVE RICHIESTO (ART. 23 D.LGS. 679\/2016)<\/span><br>I dati di natura personale ed eventualmente sensibili, volontariamente forniti saranno oggetto di trattamento per le seguenti finalit\u00e0, fino a sua opposizione:<br>\u2013 navigazione sul presente sito internet;<br style=\"margin-bottom: 0px\">\u2013 iscrizione a newsletter tramite e-mailing list e attivit\u00e0 correlate;<\/p><p style=\"margin-top: 0px;margin-bottom: 1rem;, sans-serif;font-size: 18px\">&nbsp;<\/p><p style=\"margin-top: 0px;margin-bottom: 1rem;, sans-serif;font-size: 18px\"><span style=\"font-weight: bolder\">4. MODALIT\u00c0 DEL TRATTAMENTO \u2013 CONSERVAZIONE<\/span><br style=\"margin-bottom: 0px\">Il trattamento sar\u00e0 svolto in forma automatizzata e\/o manuale, con modalit\u00e0 e strumenti volti a garantire la massima sicurezza e riservatezza, ad opera di soggetti di ci\u00f2 appositamente incaricati in ottemperanza a quanto previsto dagli artt. 31 e segg. D.Lgs 679\/2016 I dati saranno conservati per un periodo non superiore agli scopi per i quali i dati sono stati raccolti e successivamente trattati.<\/p><p style=\"margin-top: 0px;margin-bottom: 1rem;, sans-serif;font-size: 18px\">&nbsp;<\/p><p style=\"margin-top: 0px;margin-bottom: 1rem;, sans-serif;font-size: 18px\"><span style=\"font-weight: bolder\">5. AMBITO DI COMUNICAZIONE E DIFFUSIONE<\/span><br>I Suoi dati, oggetto del trattamento, non saranno diffusi se non nei limiti espressi nella seguente informativa acquisito consenso e potranno essere comunicati a societ\u00e0 contrattualmente legate a MARAL S.R.L., all\u2019estero all\u2019interno dell\u2019Unione Europea, in conformit\u00e0 e nei limiti di cui all\u2019art. 42 del D.Lgs. n. 679\/2016. I dati personali potranno essere trasferiti all\u2019estero in paesi extra UE nell\u2019ambito e nei limiti previsti dall\u2019artt. 43 e 44 lett. b) del D.Lgs. n. 679\/2016, al fine di ottemperare ai contratti o finalit\u00e0 connesse. I dati potranno essere comunicati a terzi appartenenti alle seguenti categorie:<br>\u2013 soggetti che forniscono servizi per la gestione del sistema informativo usato da MARAL S.R.L. e delle reti di telecomunicazioni (ivi compresa la posta elettronica);<br>\u2013 studi o societ\u00e0 nell\u2019ambito di rapporti di assistenza e consulenza;<br>\u2013 autorit\u00e0 competenti per adempimenti di obblighi di leggi e\/o di disposizioni di organi pubblici, su richiesta.<br style=\"margin-bottom: 0px\">I soggetti appartenenti alle categorie suddette svolgono la funzione di Responsabile del trattamento dei dati, oppure operano in totale autonomia come distinti Titolari del trattamento. L\u2019elenco dei responsabili \u00e8 costantemente aggiornato e disponibile presso la sede di MARAL S.R.L.. Ogni ulteriore comunicazione o diffusione avverr\u00e0 solo previo Suo esplicito consenso.<\/p><p style=\"margin-top: 0px;margin-bottom: 1rem;, sans-serif;font-size: 18px\">&nbsp;<\/p><p style=\"margin-top: 0px;margin-bottom: 1rem;, sans-serif;font-size: 18px\"><span style=\"font-weight: bolder\">6. NATURA DEL CONFERIMENTO E RIFIUTO<\/span><br style=\"margin-bottom: 0px\">A parte quanto specificato per i dati di navigazione, l\u2019utente \u00e8 libero di fornire i dati personali. Il conferimento dei dati \u00e8 facoltativo ma necessario. Il mancato conferimento dei dati personali comporter\u00e0 l\u2019impossibilit\u00e0 di ottenere quanto richiesto o per usufruire dei servizi del titolare del trattamento.<\/p><p style=\"margin-top: 0px;margin-bottom: 1rem;, sans-serif;font-size: 18px\">&nbsp;<\/p><p style=\"margin-top: 0px;margin-bottom: 1rem;, sans-serif;font-size: 18px\"><span style=\"font-weight: bolder\">7. DIRITTI DEGLI INTERESSATI<\/span><br>Lei potr\u00e0 far valere i propri diritti come espressi dall\u2019art. D.Lgs. n. 679\/2016, rivolgendosi al titolare, contattando la ns. sede al numero di telefono +39 0362 326260  oppure inviando una mail all\u2019indirizzo sales@maraltubi.com. Lei ha il diritto, in qualunque momento, di ottenere la conferma dell\u2019esistenza o meno dei dati e di conoscerne il contenuto e l\u2019origine, verificarne l\u2019esattezza o chiederne l\u2019integrazione o l\u2019aggiornamento, oppure la rettificazione (articolo 7 del Codice in materia di protezione dei dati personali).<br>Ai sensi del medesimo articolo si ha il diritto di chiedere la cancellazione, la trasformazione in forma anonima o il blocco dei dati trattati in violazione di legge, nonch\u00e9 di opporsi in ogni caso, per motivi legittimi, al loro trattamento.<br>Qualora contatti il titolare \u00e8 pregato di fornire l\u2019indirizzo di posta elettronica, il nominativo, l\u2019indirizzo e\/o i numeri di telefono, al fine di permettere la corretta gestione della richiesta.<br style=\"margin-bottom: 0px\">Per non ricevere pi\u00f9 comunicazioni di marketing diretto automatizzato (e-mail, SMS, MMS, fax) sar\u00e0 sufficiente scrivere in qualsiasi momento una e-mail all\u2019indirizzo sales@maraltubi.com con oggetto \u201ccancellazione\u201d o utilizzare i nostri sitemi di cancellazione automatica previsti per le sole e-mail, e non sar\u00e0 pi\u00f9 disturbato.<\/p><p style=\"margin-top: 0px;margin-bottom: 1rem;, sans-serif;font-size: 18px\">&nbsp;<\/p><p style=\"margin-top: 0px;margin-bottom: 0px;, sans-serif;font-size: 18px\"><span style=\"font-weight: bolder\">8. MODIFICHE ALL\u2019INFORMATIVA SULLA PRIVACY<\/span><br style=\"margin-bottom: 0px\">Il titolare si riserva il diritto di modificare, aggiornare, aggiungere o rimuovere parti della presente informativa sulla privacy a propria discrezione e in qualsiasi momento. La persona interessata \u00e8 tenuta a verificare periodicamente le eventuali modifiche. Al fine di facilitare tale verifica l\u2019informativa conterr\u00e0 l\u2019indicazione della data di aggiornamento dell\u2019informativa. L\u2019utilizzo del sito, dopo la pubblicazione delle modifiche, costituir\u00e0 accettazione delle stesse.<\/p>\t\t\t\t\t\t\t\t<\/div>\n\t\t\t\t<\/div>\n\t\t\t\t<div class=\"elementor-element elementor-element-4917a97 elementor-widget elementor-widget-spacer\" data-id=\"4917a97\" data-element_type=\"widget\" data-widget_type=\"spacer.default\">\n\t\t\t\t<div class=\"elementor-widget-container\">\n\t\t\t\t\t\t\t<div class=\"elementor-spacer\">\n\t\t\t<div class=\"elementor-spacer-inner\"><\/div>\n\t\t<\/div>\n\t\t\t\t\t\t<\/div>\n\t\t\t\t<\/div>\n\t\t\t\t\t<\/div>\n\t\t\t\t<\/div>\n\t\t\t\t<\/div>","protected":false},"excerpt":{"rendered":"<p>Informativa per trattamento di dati personali \u2013 Documento informativo ai sensi e per gli effetti di cui all\u2019articolo 13, D.Lgs. n. 679\/2016In osservanza al D.Lgs. n. 679\/2016 (Codice Privacy) e successive variazioni, siamo a fornirLe le dovute informazioni in ordine al trattamento dei dati personali da lei forniti. L\u2019informativa non \u00e8 da considerarsi valida per [&hellip;]<\/p>","protected":false},"author":1,"featured_media":0,"parent":0,"menu_order":0,"comment_status":"closed","ping_status":"closed","template":"elementor_header_footer","meta":{"footnotes":""},"class_list":["post-37","page","type-page","status-publish","hentry"],"_links":{"self":[{"href":"https:\/\/maraltubi.com\/eng\/wp-json\/wp\/v2\/pages\/37","targetHints":{"allow":["GET"]}}],"collection":[{"href":"https:\/\/maraltubi.com\/eng\/wp-json\/wp\/v2\/pages"}],"about":[{"href":"https:\/\/maraltubi.com\/eng\/wp-json\/wp\/v2\/types\/page"}],"author":[{"embeddable":true,"href":"https:\/\/maraltubi.com\/eng\/wp-json\/wp\/v2\/users\/1"}],"replies":[{"embeddable":true,"href":"https:\/\/maraltubi.com\/eng\/wp-json\/wp\/v2\/comments?post=37"}],"version-history":[{"count":8,"href":"https:\/\/maraltubi.com\/eng\/wp-json\/wp\/v2\/pages\/37\/revisions"}],"predecessor-version":[{"id":2030,"href":"https:\/\/maraltubi.com\/eng\/wp-json\/wp\/v2\/pages\/37\/revisions\/2030"}],"wp:attachment":[{"href":"https:\/\/maraltubi.com\/eng\/wp-json\/wp\/v2\/media?parent=37"}],"curies":[{"name":"wp","href":"https:\/\/api.w.org\/{rel}","templated":true}]}}